{"id":41,"date":"2020-08-18T22:01:51","date_gmt":"2020-08-18T21:01:51","guid":{"rendered":"https:\/\/telojurocouk.wordpress.com\/?page_id=41"},"modified":"2021-08-25T13:32:44","modified_gmt":"2021-08-25T12:32:44","slug":"preguntas-frecuentes","status":"publish","type":"page","link":"https:\/\/telojuro.co.uk\/en\/preguntas-frecuentes\/","title":{"rendered":"FAQ"},"content":{"rendered":"<div class=\"wp-block-group alignfull\"><div class=\"wp-block-group__inner-container is-layout-flow wp-block-group-is-layout-flow\"><\/div><\/div>\n\n\n\n<div class=\"wp-block-group alignfull\"><div class=\"wp-block-group__inner-container is-layout-flow wp-block-group-is-layout-flow\">\n<h3 class=\"has-text-color wp-block-heading\" style=\"color:#2f5686\">What does the service include?<\/h3>\n\n\n\n<p class=\"has-dark-gray-color has-text-color\">The service includes a PDF copy by email and a hard copy ready for submission sent to your address by post. We can also advise you if you have any questions about legalisation and other requirements to complete your process.<\/p>\n\n\n\n<h3 class=\"has-text-color wp-block-heading\" style=\"color:#2f5686\">How long does it take?<\/h3>\n\n\n\n<p class=\"has-dark-gray-color has-text-color\">Delivery times to receive the official hard copy may vary depending on document complexity. However, for most visa-related queries, translations are ready to be sent in 2 to 3 working days. For a more specific delivery timeline, get in touch with us using the form or contact details below.<\/p>\n\n\n\n<h3 class=\"has-text-color wp-block-heading\" style=\"color:#2f5686\">Will the translation be accepted?<\/h3>\n\n\n\n<p class=\"has-dark-gray-color has-text-color\">All translations are done by a sworn translator recognised by the Spanish Ministry of Foreign Affairs and are, therefore, recognised by all government agencies and academic institutions in Spain, including Consulates and Embassies in the UK. Translations for submission to the UK authorities are done by a translator member of the Chartered Institute of Linguists and are, therefore, accepted by most agencies and other institutions.&nbsp;<em>Chartered Institute of Linguists&nbsp;<\/em>In the event you experience any issues, we offer a 100% money-back guarantee.<\/p>\n\n\n\n<h3 class=\"has-text-color wp-block-heading\" style=\"color:#2f5686\">How can I be sure to get what I need?<\/h3>\n\n\n\n<p class=\"has-dark-gray-color has-text-color\">Before we send you the official documents, we'll send you a draft so you can make sure that everything is correct and that you are satisfied with the translation. In fact, we only require you to pay once you are happy with the draft before we proceed to certification.<\/p>\n\n\n\n<h3 class=\"has-text-color wp-block-heading\" style=\"color:#2f5686\">How do I make a payment?<\/h3>\n\n\n\n<p class=\"has-dark-gray-color has-text-color\">Invoices can be paid by bank transfer using the details provided at the bottom of the invoice. If you need to use a different payment method, please get in touch with us.<\/p>\n\n\n\n<h3 class=\"has-text-color wp-block-heading\" style=\"color:#2f5686\">Do you offer interpreting services?<\/h3>\n\n\n\n<p class=\"has-dark-gray-color has-text-color\">Yes, of course. We offer interpreting services in London and the Southeast. For a quote, contact us at&nbsp;<a href=\"mailto:info@telojuro.co.uk\"><u>info@telojuro.co.uk<\/u><\/a>&nbsp;and we'll reply as soon as possible.<\/p>\n\n\n\n<h3 class=\"has-text-color wp-block-heading\" style=\"color:#2f5686\">What if I have a different question?<\/h3>\n\n\n\n<p class=\"has-dark-gray-color has-text-color\">If you have any other questions, please get in touch using any of the following methods:<\/p>\n\n\n\n<p class=\"has-dark-gray-color has-text-color\">Email address:&nbsp;<a href=\"mailto:info@telojuro.co.uk\"><u>info@telojuro.co.uk<\/u><\/a><\/p>\n\n\n\n<p class=\"has-dark-gray-color has-text-color\">WhatsApp:\u00a0<u><a href=\"https:\/\/wa.me\/447594305267\">https:\/\/wa.me\/442<\/a><\/u><u><a href=\"https:\/\/wa.me\/447594305267\">0<\/a><\/u><u><a href=\"https:\/\/wa.me\/447594305267\">8<\/a><\/u><u><a href=\"https:\/\/wa.me\/447594305267\">1<\/a><\/u><u><a href=\"https:\/\/wa.me\/447594305267\">2<\/a><\/u><u><a href=\"https:\/\/wa.me\/447594305267\">3<\/a><\/u><u><a href=\"https:\/\/wa.me\/447594305267\">1<\/a><\/u><u><a href=\"https:\/\/wa.me\/447594305267\">5<\/a><\/u><u><a href=\"https:\/\/wa.me\/447594305267\">1<\/a><\/u><a href=\"https:\/\/wa.me\/447594305267\"><u>1<\/u><\/a><\/p>\n\n\n\n<p class=\"has-dark-gray-color has-text-color\">Phone: 020 8123 1511<\/p>\n\n\n\n<p><\/p>\n<\/div><\/div>\n\n\n\n<p><\/p>","protected":false},"excerpt":{"rendered":"<p>\u00bfQu\u00e9 incluye el servicio? El servicio incluye el env\u00edo de una copia en PDF por correo electr\u00f3nico y dos copias f\u00edsicas a tu domicilio. Tambi\u00e9n podemos asesorarte sobre los requisitos que necesitas cumplir para realizar ciertos tr\u00e1mites como puede ser la homologaci\u00f3n o el reconocimiento &hellip; <a href=\"https:\/\/telojuro.co.uk\/en\/preguntas-frecuentes\/\" class=\"more-link\"><span>Continue reading<span class=\"screen-reader-text\">FAQ<\/span><\/span><\/a><\/p>","protected":false},"author":1,"featured_media":0,"parent":0,"menu_order":0,"comment_status":"closed","ping_status":"closed","template":"","meta":{"footnotes":""},"class_list":["post-41","page","type-page","status-publish","hentry"],"_links":{"self":[{"href":"https:\/\/telojuro.co.uk\/en\/wp-json\/wp\/v2\/pages\/41","targetHints":{"allow":["GET"]}}],"collection":[{"href":"https:\/\/telojuro.co.uk\/en\/wp-json\/wp\/v2\/pages"}],"about":[{"href":"https:\/\/telojuro.co.uk\/en\/wp-json\/wp\/v2\/types\/page"}],"author":[{"embeddable":true,"href":"https:\/\/telojuro.co.uk\/en\/wp-json\/wp\/v2\/users\/1"}],"replies":[{"embeddable":true,"href":"https:\/\/telojuro.co.uk\/en\/wp-json\/wp\/v2\/comments?post=41"}],"version-history":[{"count":8,"href":"https:\/\/telojuro.co.uk\/en\/wp-json\/wp\/v2\/pages\/41\/revisions"}],"predecessor-version":[{"id":314,"href":"https:\/\/telojuro.co.uk\/en\/wp-json\/wp\/v2\/pages\/41\/revisions\/314"}],"wp:attachment":[{"href":"https:\/\/telojuro.co.uk\/en\/wp-json\/wp\/v2\/media?parent=41"}],"curies":[{"name":"wp","href":"https:\/\/api.w.org\/{rel}","templated":true}]}}