{"id":49,"date":"2020-08-18T22:04:34","date_gmt":"2020-08-18T21:04:34","guid":{"rendered":"https:\/\/telojurocouk.wordpress.com\/?page_id=49"},"modified":"2021-08-25T14:55:13","modified_gmt":"2021-08-25T13:55:13","slug":"acerca-de-nosotros","status":"publish","type":"page","link":"https:\/\/telojuro.co.uk\/en\/acerca-de-nosotros\/","title":{"rendered":"About us"},"content":{"rendered":"<div class=\"wp-block-media-text alignfull is-image-fill has-dark-gray-color has-text-color\"><figure class=\"wp-block-media-text__media\" style=\"background-image:url(https:\/\/telojuro.co.uk\/wp-content\/uploads\/2020\/08\/pexels-leon-warnking-979715-1-819x1024.jpg);background-position:50% 50%\"><img loading=\"lazy\" decoding=\"async\" width=\"819\" height=\"1024\" src=\"https:\/\/telojuro.co.uk\/wp-content\/uploads\/2020\/08\/pexels-leon-warnking-979715-1-819x1024.jpg\" alt=\"\" class=\"wp-image-272 size-full\" srcset=\"https:\/\/telojuro.co.uk\/wp-content\/uploads\/2020\/08\/pexels-leon-warnking-979715-1-819x1024.jpg 819w, https:\/\/telojuro.co.uk\/wp-content\/uploads\/2020\/08\/pexels-leon-warnking-979715-1-240x300.jpg 240w, https:\/\/telojuro.co.uk\/wp-content\/uploads\/2020\/08\/pexels-leon-warnking-979715-1-768x960.jpg 768w, https:\/\/telojuro.co.uk\/wp-content\/uploads\/2020\/08\/pexels-leon-warnking-979715-1-1229x1536.jpg 1229w, https:\/\/telojuro.co.uk\/wp-content\/uploads\/2020\/08\/pexels-leon-warnking-979715-1-1639x2048.jpg 1639w, https:\/\/telojuro.co.uk\/wp-content\/uploads\/2020\/08\/pexels-leon-warnking-979715-1-1200x1500.jpg 1200w, https:\/\/telojuro.co.uk\/wp-content\/uploads\/2020\/08\/pexels-leon-warnking-979715-1-scaled.jpg 2048w\" sizes=\"auto, (max-width: 819px) 100vw, 819px\" \/><\/figure><div class=\"wp-block-media-text__content\">\n<p>We are a small translation agency based in London. We provide sworn translations of all types of official documents for submission before UK or Spanish authorities, including visa application documentation to be submitted to the Spanish Consulate.<\/p>\n\n\n\n<p>All our translators are fully qualified and our main priority is our customers' satisfaction, which we can only ensure by providing a completely bespoke service.<\/p>\n\n\n\n<p class=\"has-dark-gray-color has-text-color\">If you need any more information, please get in touch with us using any of the following methods. We'll be happy to help.<\/p>\n\n\n\n<p>Email address:&nbsp;<a href=\"mailto:info@telojuro.co.uk\" target=\"_blank\" rel=\"noreferrer noopener\">info@telojuro.co.uk<\/a><\/p>\n\n\n\n<p>WhatsApp:&nbsp;<a rel=\"noreferrer noopener\" href=\"https:\/\/wa.me\/442081231511\" target=\"_blank\">https:\/\/wa.me\/44208123151<\/a><a href=\"https:\/\/wa.me\/442081231511\" target=\"_blank\" rel=\"noreferrer noopener\">1<\/a><\/p>\n\n\n\n<p>Phone: 020 8123 1511<\/p>\n<\/div><\/div>\n\n\n\n<p><\/p>","protected":false},"excerpt":{"rendered":"<p>Somos una peque\u00f1a agencia de traducci\u00f3n basada en Londres. Proporcionamos traducciones juradas de documentos as\u00ed como servicios de interpretaci\u00f3n y traducciones de toda clase (contratos, p\u00e1ginas web, folletos, libros, etc.). Todos nuestros traductores cuentan con las cualificaciones necesarias y nuestra principal prioridad es la satisfacci\u00f3n &hellip; <a href=\"https:\/\/telojuro.co.uk\/en\/acerca-de-nosotros\/\" class=\"more-link\"><span>Continue reading<span class=\"screen-reader-text\">About us<\/span><\/span><\/a><\/p>","protected":false},"author":1,"featured_media":0,"parent":0,"menu_order":0,"comment_status":"closed","ping_status":"closed","template":"","meta":{"footnotes":""},"class_list":["post-49","page","type-page","status-publish","hentry"],"_links":{"self":[{"href":"https:\/\/telojuro.co.uk\/en\/wp-json\/wp\/v2\/pages\/49","targetHints":{"allow":["GET"]}}],"collection":[{"href":"https:\/\/telojuro.co.uk\/en\/wp-json\/wp\/v2\/pages"}],"about":[{"href":"https:\/\/telojuro.co.uk\/en\/wp-json\/wp\/v2\/types\/page"}],"author":[{"embeddable":true,"href":"https:\/\/telojuro.co.uk\/en\/wp-json\/wp\/v2\/users\/1"}],"replies":[{"embeddable":true,"href":"https:\/\/telojuro.co.uk\/en\/wp-json\/wp\/v2\/comments?post=49"}],"version-history":[{"count":11,"href":"https:\/\/telojuro.co.uk\/en\/wp-json\/wp\/v2\/pages\/49\/revisions"}],"predecessor-version":[{"id":330,"href":"https:\/\/telojuro.co.uk\/en\/wp-json\/wp\/v2\/pages\/49\/revisions\/330"}],"wp:attachment":[{"href":"https:\/\/telojuro.co.uk\/en\/wp-json\/wp\/v2\/media?parent=49"}],"curies":[{"name":"wp","href":"https:\/\/api.w.org\/{rel}","templated":true}]}}